{"id":38,"date":"2025-08-24T18:32:07","date_gmt":"2025-08-24T18:32:07","guid":{"rendered":"http:\/\/comprad.cluster100.hosting.ovh.net\/index.php\/about-us\/"},"modified":"2026-01-25T11:32:24","modified_gmt":"2026-01-25T11:32:24","slug":"about-us","status":"publish","type":"page","link":"https:\/\/compraryang.es\/index.php\/about-us\/","title":{"rendered":"Contacto"},"content":{"rendered":"\t\t<div data-elementor-type=\"wp-page\" data-elementor-id=\"38\" class=\"elementor elementor-38\">\n\t\t\t\t<div class=\"elementor-element elementor-element-4e2d6cc2 e-flex e-con-boxed elementor-invisible e-con e-parent\" data-id=\"4e2d6cc2\" data-element_type=\"container\" data-e-type=\"container\" data-settings=\"{&quot;animation&quot;:&quot;fadeIn&quot;}\">\n\t\t\t\t\t<div class=\"e-con-inner\">\n\t\t\t\t\t<\/div>\n\t\t\t\t<\/div>\n\t\t<div class=\"elementor-element elementor-element-7347f11 e-flex e-con-boxed e-con e-parent\" data-id=\"7347f11\" data-element_type=\"container\" data-e-type=\"container\">\n\t\t\t\t\t<div class=\"e-con-inner\">\n\t\t\t\t<div class=\"elementor-element elementor-element-e224553 elementor-widget elementor-widget-html\" data-id=\"e224553\" data-element_type=\"widget\" data-e-type=\"widget\" data-widget_type=\"html.default\">\n\t\t\t\t\t<div style=\"\r\n  position:fixed; \r\n  bottom:20px; \r\n  right:20px; \r\n  z-index:9999; \r\n  display:flex; \r\n  flex-direction:column; \r\n  gap:10px;\r\n\">\r\n\r\n  <!-- WhatsApp -->\r\n  <a href=\"https:\/\/wa.me\/34638270098\" target=\"_blank\" style=\"background:#25d366; width:50px; height:50px; display:flex; align-items:center; justify-content:center; border-radius:50%; box-shadow:0 4px 8px rgba(0,0,0,0.3);\" rel=\"noopener\">\r\n     <img decoding=\"async\" src=\"https:\/\/upload.wikimedia.org\/wikipedia\/commons\/6\/6b\/WhatsApp.svg\" alt=\"WhatsApp\" style=\"width:28px; height:28px;\">\r\n  <\/a>\r\n\r\n  <!-- Telegram -->\r\n  <a href=\"https:\/\/t.me\/mt2bank\" target=\"_blank\" style=\"background:#0088cc; width:50px; height:50px; display:flex; align-items:center; justify-content:center; border-radius:50%; box-shadow:0 4px 8px rgba(0,0,0,0.3);\">\r\n     <img decoding=\"async\" src=\"https:\/\/upload.wikimedia.org\/wikipedia\/commons\/8\/82\/Telegram_logo.svg\" alt=\"Telegram\" style=\"width:28px; height:28px;\">\r\n  <\/a>\r\n\r\n<\/div>\t\t\t\t<\/div>\n\t\t\t\t<div class=\"elementor-element elementor-element-05b87c4 elementor-widget elementor-widget-html\" data-id=\"05b87c4\" data-element_type=\"widget\" data-e-type=\"widget\" data-widget_type=\"html.default\">\n\t\t\t\t\t<div style=\"background:#1c1c1c; color:#fff; text-align:center; padding:40px 20px; border-radius:16px; box-shadow:0 6px 16px rgba(0,0,0,0.3); max-width:800px; margin:40px auto;\">\r\n  <h2 style=\"margin-bottom:10px; font-size:28px; font-weight:700;\">\r\n    \ud83d\ude80 \u00bfListo para dar el siguiente paso?\r\n  <\/h2>\r\n  <p style=\"margin-bottom:30px; font-size:16px; color:#ddd;\">\r\n    Escr\u00edbenos ahora y recibe tu opci\u00f3n personalizada en minutos.\r\n  <\/p>\r\n\r\n  <!-- Botones -->\r\n  <div style=\"display:flex; justify-content:center; gap:20px; flex-wrap:wrap;\">\r\n\r\n    <!-- WhatsApp -->\r\n    <a href=\"https:\/\/wa.me\/34638270098\" target=\"_blank\" style=\"background:#25d366; color:#fff; padding:14px 26px; border-radius:50px; font-size:18px; font-weight:600; text-decoration:none; display:flex; align-items:center; gap:10px; box-shadow:0 4px 10px rgba(0,0,0,0.3); transition:all 0.3s ease;\" rel=\"noopener\">\r\n       <img decoding=\"async\" src=\"https:\/\/upload.wikimedia.org\/wikipedia\/commons\/6\/6b\/WhatsApp.svg\" alt=\"WhatsApp\" style=\"width:24px; height:24px;\">\r\n       WhatsApp\r\n    <\/a>\r\n\r\n    <!-- Telegram -->\r\n    <a href=\"https:\/\/t.me\/mt2bank\" target=\"_blank\" style=\"background:#0088cc; color:#fff; padding:14px 26px; border-radius:50px; font-size:18px; font-weight:600; text-decoration:none; display:flex; align-items:center; gap:10px; box-shadow:0 4px 10px rgba(0,0,0,0.3); transition:all 0.3s ease;\">\r\n       <img decoding=\"async\" src=\"https:\/\/upload.wikimedia.org\/wikipedia\/commons\/8\/82\/Telegram_logo.svg\" alt=\"Telegram\" style=\"width:24px; height:24px;\">\r\n       Telegram\r\n    <\/a>\r\n\r\n  <\/div>\r\n<\/div>\t\t\t\t<\/div>\n\t\t\t\t\t<\/div>\n\t\t\t\t<\/div>\n\t\t<div class=\"elementor-element elementor-element-23caa001 e-flex e-con-boxed elementor-invisible e-con e-parent\" data-id=\"23caa001\" data-element_type=\"container\" data-e-type=\"container\" data-settings=\"{&quot;animation&quot;:&quot;fadeIn&quot;}\">\n\t\t\t\t\t<div class=\"e-con-inner\">\n\t\t<div class=\"elementor-element elementor-element-5ee39a3f e-con-full e-flex e-con e-child\" data-id=\"5ee39a3f\" data-element_type=\"container\" data-e-type=\"container\" data-settings=\"{&quot;background_background&quot;:&quot;classic&quot;}\">\n\t\t\t\t<div class=\"elementor-element elementor-element-73aa9ccd elementor-widget elementor-widget-counter\" data-id=\"73aa9ccd\" data-element_type=\"widget\" data-e-type=\"widget\" data-widget_type=\"counter.default\">\n\t\t\t\t\t\t\t<div class=\"elementor-counter\">\n\t\t\t<div class=\"elementor-counter-title\">en velocidad de leveo<\/div>\t\t\t<div class=\"elementor-counter-number-wrapper\">\n\t\t\t\t<span class=\"elementor-counter-number-prefix\">x<\/span>\n\t\t\t\t<span class=\"elementor-counter-number\" data-duration=\"807\" data-to-value=\"10\" data-from-value=\"0\" data-delimiter=\",\">0<\/span>\n\t\t\t\t<span class=\"elementor-counter-number-suffix\"><\/span>\n\t\t\t<\/div>\n\t\t<\/div>\n\t\t\t\t\t\t<\/div>\n\t\t\t\t<\/div>\n\t\t<div class=\"elementor-element elementor-element-d0a55ce e-con-full e-flex e-con e-child\" data-id=\"d0a55ce\" data-element_type=\"container\" data-e-type=\"container\">\n\t\t\t\t<div class=\"elementor-element elementor-element-46ac795d elementor-widget elementor-widget-image\" data-id=\"46ac795d\" data-element_type=\"widget\" data-e-type=\"widget\" data-widget_type=\"image.default\">\n\t\t\t\t\t\t\t\t\t\t\t\t\t\t\t<img fetchpriority=\"high\" decoding=\"async\" width=\"800\" height=\"600\" src=\"https:\/\/compraryang.es\/wp-content\/uploads\/2025\/08\/Identity-Image-1024x768.webp\" class=\"attachment-large size-large wp-image-40\" alt=\"\" srcset=\"https:\/\/compraryang.es\/wp-content\/uploads\/2025\/08\/Identity-Image-1024x768.webp 1024w, https:\/\/compraryang.es\/wp-content\/uploads\/2025\/08\/Identity-Image-300x225.webp 300w, https:\/\/compraryang.es\/wp-content\/uploads\/2025\/08\/Identity-Image-768x576.webp 768w, https:\/\/compraryang.es\/wp-content\/uploads\/2025\/08\/Identity-Image.webp 1200w\" sizes=\"(max-width: 800px) 100vw, 800px\" \/>\t\t\t\t\t\t\t\t\t\t\t\t\t\t\t<\/div>\n\t\t\t\t<\/div>\n\t\t<div class=\"elementor-element elementor-element-1d765709 e-con-full e-flex e-con e-child\" data-id=\"1d765709\" data-element_type=\"container\" data-e-type=\"container\">\n\t\t\t\t<div class=\"elementor-element elementor-element-39ade322 elementor-widget elementor-widget-heading\" data-id=\"39ade322\" data-element_type=\"widget\" data-e-type=\"widget\" data-widget_type=\"heading.default\">\n\t\t\t\t\t<h2 class=\"elementor-heading-title elementor-size-default\">Misi\u00f3n<\/h2>\t\t\t\t<\/div>\n\t\t\t\t<div class=\"elementor-element elementor-element-7cf764ef elementor-widget elementor-widget-text-editor\" data-id=\"7cf764ef\" data-element_type=\"widget\" data-e-type=\"widget\" data-widget_type=\"text-editor.default\">\n\t\t\t\t\t\t\t\t\t<p>Que los jugadores mejoren su experiencia de juego, sirvi\u00e9ndoles de apoyo.<\/p>\t\t\t\t\t\t\t\t<\/div>\n\t\t\t\t<\/div>\n\t\t<div class=\"elementor-element elementor-element-1d1acab3 e-con-full e-flex e-con e-child\" data-id=\"1d1acab3\" data-element_type=\"container\" data-e-type=\"container\">\n\t\t\t\t<div class=\"elementor-element elementor-element-320d8f5a elementor-widget elementor-widget-image\" data-id=\"320d8f5a\" data-element_type=\"widget\" data-e-type=\"widget\" data-widget_type=\"image.default\">\n\t\t\t\t\t\t\t\t\t\t\t\t\t\t\t<img decoding=\"async\" width=\"800\" height=\"535\" src=\"https:\/\/compraryang.es\/wp-content\/uploads\/2025\/08\/About-Image-1024x685.webp\" class=\"attachment-large size-large wp-image-42\" alt=\"\" srcset=\"https:\/\/compraryang.es\/wp-content\/uploads\/2025\/08\/About-Image-1024x685.webp 1024w, https:\/\/compraryang.es\/wp-content\/uploads\/2025\/08\/About-Image-300x201.webp 300w, https:\/\/compraryang.es\/wp-content\/uploads\/2025\/08\/About-Image-768x514.webp 768w, https:\/\/compraryang.es\/wp-content\/uploads\/2025\/08\/About-Image.webp 1200w\" sizes=\"(max-width: 800px) 100vw, 800px\" \/>\t\t\t\t\t\t\t\t\t\t\t\t\t\t\t<\/div>\n\t\t\t\t<\/div>\n\t\t<div class=\"elementor-element elementor-element-2c1e0e36 e-con-full e-flex e-con e-child\" data-id=\"2c1e0e36\" data-element_type=\"container\" data-e-type=\"container\">\n\t\t\t\t<div class=\"elementor-element elementor-element-27beb2ba elementor-widget elementor-widget-heading\" data-id=\"27beb2ba\" data-element_type=\"widget\" data-e-type=\"widget\" data-widget_type=\"heading.default\">\n\t\t\t\t\t<h2 class=\"elementor-heading-title elementor-size-default\">Visi\u00f3n<\/h2>\t\t\t\t<\/div>\n\t\t\t\t<div class=\"elementor-element elementor-element-b5ae5 elementor-widget elementor-widget-text-editor\" data-id=\"b5ae5\" data-element_type=\"widget\" data-e-type=\"widget\" data-widget_type=\"text-editor.default\">\n\t\t\t\t\t\t\t\t\t<p>Cuidar siempre al jugador, ofreci\u00e9ndole un trato personal.<\/p>\t\t\t\t\t\t\t\t<\/div>\n\t\t\t\t<\/div>\n\t\t<div class=\"elementor-element elementor-element-4d1712bb e-con-full e-flex e-con e-child\" data-id=\"4d1712bb\" data-element_type=\"container\" data-e-type=\"container\" data-settings=\"{&quot;background_background&quot;:&quot;classic&quot;}\">\n\t\t\t\t<div class=\"elementor-element elementor-element-37171272 elementor-widget elementor-widget-counter\" data-id=\"37171272\" data-element_type=\"widget\" data-e-type=\"widget\" data-widget_type=\"counter.default\">\n\t\t\t\t\t\t\t<div class=\"elementor-counter\">\n\t\t\t<div class=\"elementor-counter-title\">de los clientes repiten<\/div>\t\t\t<div class=\"elementor-counter-number-wrapper\">\n\t\t\t\t<span class=\"elementor-counter-number-prefix\"><\/span>\n\t\t\t\t<span class=\"elementor-counter-number\" data-duration=\"807\" data-to-value=\"95\" data-from-value=\"0\" data-delimiter=\",\">0<\/span>\n\t\t\t\t<span class=\"elementor-counter-number-suffix\">%<\/span>\n\t\t\t<\/div>\n\t\t<\/div>\n\t\t\t\t\t\t<\/div>\n\t\t\t\t<\/div>\n\t\t\t\t\t<\/div>\n\t\t\t\t<\/div>\n\t\t<div class=\"elementor-element elementor-element-9c86235 e-flex e-con-boxed e-con e-parent\" data-id=\"9c86235\" data-element_type=\"container\" data-e-type=\"container\">\n\t\t\t\t\t<div class=\"e-con-inner\">\n\t\t\t\t<div class=\"elementor-element elementor-element-81dd90e elementor-widget elementor-widget-html\" data-id=\"81dd90e\" data-element_type=\"widget\" data-e-type=\"widget\" data-widget_type=\"html.default\">\n\t\t\t\t\t<div style=\"margin-top:30px; padding:10px; text-align:center; border-top:1px solid #eee;\">\r\n  <small style=\"font-size:12px; color:#777;\">\r\n    Este sitio es independiente, no est\u00e1 afiliado con Webzen Inc. ni Gameforge. \r\n    Su contenido es meramente informativo y no oficial. \r\n    No fomenta ni facilita la compraventa de Yang o Won con dinero real, pr\u00e1ctica que puede contravenir las condiciones de uso del juego. \r\n    Todas las marcas y nombres de productos mencionados son propiedad de sus respectivos due\u00f1os.\r\n  <\/small>\r\n<\/div>\t\t\t\t<\/div>\n\t\t\t\t\t<\/div>\n\t\t\t\t<\/div>\n\t\t\t\t<\/div>\n\t\t","protected":false},"excerpt":{"rendered":"<p>\ud83d\ude80 \u00bfListo para dar el siguiente paso? Escr\u00edbenos ahora y recibe tu opci\u00f3n personalizada en minutos. WhatsApp Telegram en velocidad de leveo x 0 Misi\u00f3n Que los jugadores mejoren su experiencia de juego, sirvi\u00e9ndoles de apoyo. Visi\u00f3n Cuidar siempre al jugador, ofreci\u00e9ndole un trato personal. de los clientes repiten 0 % Este sitio es independiente, [&hellip;]<\/p>\n","protected":false},"author":1,"featured_media":0,"parent":0,"menu_order":0,"comment_status":"closed","ping_status":"closed","template":"elementor_header_footer","meta":{"footnotes":""},"class_list":["post-38","page","type-page","status-publish","hentry"],"_links":{"self":[{"href":"https:\/\/compraryang.es\/index.php\/wp-json\/wp\/v2\/pages\/38","targetHints":{"allow":["GET"]}}],"collection":[{"href":"https:\/\/compraryang.es\/index.php\/wp-json\/wp\/v2\/pages"}],"about":[{"href":"https:\/\/compraryang.es\/index.php\/wp-json\/wp\/v2\/types\/page"}],"author":[{"embeddable":true,"href":"https:\/\/compraryang.es\/index.php\/wp-json\/wp\/v2\/users\/1"}],"replies":[{"embeddable":true,"href":"https:\/\/compraryang.es\/index.php\/wp-json\/wp\/v2\/comments?post=38"}],"version-history":[{"count":25,"href":"https:\/\/compraryang.es\/index.php\/wp-json\/wp\/v2\/pages\/38\/revisions"}],"predecessor-version":[{"id":351,"href":"https:\/\/compraryang.es\/index.php\/wp-json\/wp\/v2\/pages\/38\/revisions\/351"}],"wp:attachment":[{"href":"https:\/\/compraryang.es\/index.php\/wp-json\/wp\/v2\/media?parent=38"}],"curies":[{"name":"wp","href":"https:\/\/api.w.org\/{rel}","templated":true}]}}